{"id":5751,"date":"2022-12-14T11:23:44","date_gmt":"2022-12-14T10:23:44","guid":{"rendered":"https:\/\/www.gares-routieres-savoie.fr\/?page_id=5751"},"modified":"2022-12-14T11:27:17","modified_gmt":"2022-12-14T10:27:17","slug":"the-ski-resorts-we-serve","status":"publish","type":"page","link":"https:\/\/www.gares-routieres-savoie.fr\/en\/the-ski-resorts-we-serve\/","title":{"rendered":"The ski resorts we serve"},"content":{"rendered":"\t\t<div data-elementor-type=\"wp-page\" data-elementor-id=\"5751\" class=\"elementor elementor-5751 elementor-5569\">\n\t\t\t\t\t\t<section class=\"elementor-section elementor-top-section elementor-element elementor-element-0241b6b elementor-section-boxed elementor-section-height-default elementor-section-height-default\" data-id=\"0241b6b\" data-element_type=\"section\">\n\t\t\t\t\t\t<div class=\"elementor-container elementor-column-gap-default\">\n\t\t\t\t\t<div class=\"elementor-column elementor-col-100 elementor-top-column elementor-element elementor-element-bf140a4\" data-id=\"bf140a4\" data-element_type=\"column\">\n\t\t\t<div class=\"elementor-widget-wrap elementor-element-populated\">\n\t\t\t\t\t\t<div class=\"elementor-element elementor-element-038c5f7 elementor-widget elementor-widget-text-editor\" data-id=\"038c5f7\" data-element_type=\"widget\" data-widget_type=\"text-editor.default\">\n\t\t\t\t<div class=\"elementor-widget-container\">\n\t\t\t\t\t\t\t\t\t<p>Below is the list of ski resorts near each bus station:<\/p>\t\t\t\t\t\t\t\t<\/div>\n\t\t\t\t<\/div>\n\t\t\t\t\t<\/div>\n\t\t<\/div>\n\t\t\t\t\t<\/div>\n\t\t<\/section>\n\t\t\t\t<section class=\"elementor-section elementor-top-section elementor-element elementor-element-76a0ca3 elementor-section-boxed elementor-section-height-default elementor-section-height-default\" data-id=\"76a0ca3\" data-element_type=\"section\">\n\t\t\t\t\t\t<div class=\"elementor-container elementor-column-gap-default\">\n\t\t\t\t\t<div class=\"elementor-column elementor-col-33 elementor-top-column elementor-element elementor-element-a6b68ff\" data-id=\"a6b68ff\" data-element_type=\"column\">\n\t\t\t<div class=\"elementor-widget-wrap elementor-element-populated\">\n\t\t\t\t\t\t<div class=\"elementor-element elementor-element-01365bc elementor-widget elementor-widget-image\" data-id=\"01365bc\" data-element_type=\"widget\" data-widget_type=\"image.default\">\n\t\t\t\t<div class=\"elementor-widget-container\">\n\t\t\t\t\t\t\t\t\t\t\t\t\t\t\t<img fetchpriority=\"high\" decoding=\"async\" width=\"1024\" height=\"249\" src=\"https:\/\/www.gares-routieres-savoie.fr\/wp-content\/uploads\/2021\/10\/gare-Chambery-1024x249.jpg\" class=\"attachment-large size-large wp-image-5504\" alt=\"\" srcset=\"https:\/\/www.gares-routieres-savoie.fr\/wp-content\/uploads\/2021\/10\/gare-Chambery-1024x249.jpg 1024w, https:\/\/www.gares-routieres-savoie.fr\/wp-content\/uploads\/2021\/10\/gare-Chambery-720x175.jpg 720w, https:\/\/www.gares-routieres-savoie.fr\/wp-content\/uploads\/2021\/10\/gare-Chambery-768x186.jpg 768w, https:\/\/www.gares-routieres-savoie.fr\/wp-content\/uploads\/2021\/10\/gare-Chambery-1536x373.jpg 1536w, https:\/\/www.gares-routieres-savoie.fr\/wp-content\/uploads\/2021\/10\/gare-Chambery.jpg 1920w\" sizes=\"(max-width: 1024px) 100vw, 1024px\" \/>\t\t\t\t\t\t\t\t\t\t\t\t\t\t\t<\/div>\n\t\t\t\t<\/div>\n\t\t\t\t<div class=\"elementor-element elementor-element-1c04f16 elementor-widget elementor-widget-heading\" data-id=\"1c04f16\" data-element_type=\"widget\" data-widget_type=\"heading.default\">\n\t\t\t\t<div class=\"elementor-widget-container\">\n\t\t\t\t\t<h3 class=\"elementor-heading-title elementor-size-default\">Chamb\u00e9ry<\/h3>\t\t\t\t<\/div>\n\t\t\t\t<\/div>\n\t\t\t\t<div class=\"elementor-element elementor-element-a16a5f4 elementor-widget elementor-widget-text-editor\" data-id=\"a16a5f4\" data-element_type=\"widget\" data-widget_type=\"text-editor.default\">\n\t\t\t\t<div class=\"elementor-widget-container\">\n\t\t\t\t\t\t\t\t\t<p><strong>Served ski resorts:<\/strong><\/p>\t\t\t\t\t\t\t\t<\/div>\n\t\t\t\t<\/div>\n\t\t\t\t\t<\/div>\n\t\t<\/div>\n\t\t\t\t<div class=\"elementor-column elementor-col-33 elementor-top-column elementor-element elementor-element-936d41f\" data-id=\"936d41f\" data-element_type=\"column\">\n\t\t\t<div class=\"elementor-widget-wrap elementor-element-populated\">\n\t\t\t\t\t\t<div class=\"elementor-element elementor-element-15c08e9 elementor-widget elementor-widget-image\" data-id=\"15c08e9\" data-element_type=\"widget\" data-widget_type=\"image.default\">\n\t\t\t\t<div class=\"elementor-widget-container\">\n\t\t\t\t\t\t\t\t\t\t\t\t\t\t\t<img decoding=\"async\" width=\"1024\" height=\"249\" src=\"https:\/\/www.gares-routieres-savoie.fr\/wp-content\/uploads\/2021\/09\/Aeroport-Chambery-1024x249.jpg\" class=\"attachment-large size-large wp-image-5063\" alt=\"\" srcset=\"https:\/\/www.gares-routieres-savoie.fr\/wp-content\/uploads\/2021\/09\/Aeroport-Chambery-1024x249.jpg 1024w, https:\/\/www.gares-routieres-savoie.fr\/wp-content\/uploads\/2021\/09\/Aeroport-Chambery-720x175.jpg 720w, https:\/\/www.gares-routieres-savoie.fr\/wp-content\/uploads\/2021\/09\/Aeroport-Chambery-768x186.jpg 768w, https:\/\/www.gares-routieres-savoie.fr\/wp-content\/uploads\/2021\/09\/Aeroport-Chambery-1536x373.jpg 1536w, https:\/\/www.gares-routieres-savoie.fr\/wp-content\/uploads\/2021\/09\/Aeroport-Chambery.jpg 1920w\" sizes=\"(max-width: 1024px) 100vw, 1024px\" \/>\t\t\t\t\t\t\t\t\t\t\t\t\t\t\t<\/div>\n\t\t\t\t<\/div>\n\t\t\t\t<div class=\"elementor-element elementor-element-4db51b9 elementor-widget elementor-widget-heading\" data-id=\"4db51b9\" data-element_type=\"widget\" data-widget_type=\"heading.default\">\n\t\t\t\t<div class=\"elementor-widget-container\">\n\t\t\t\t\t<h3 class=\"elementor-heading-title elementor-size-default\">Chamb\u00e9ry airport<\/h3>\t\t\t\t<\/div>\n\t\t\t\t<\/div>\n\t\t\t\t<div class=\"elementor-element elementor-element-7609cc5 elementor-widget elementor-widget-text-editor\" data-id=\"7609cc5\" data-element_type=\"widget\" data-widget_type=\"text-editor.default\">\n\t\t\t\t<div class=\"elementor-widget-container\">\n\t\t\t\t\t\t\t\t\t<p><strong>Served ski resorts:<\/strong><\/p>\t\t\t\t\t\t\t\t<\/div>\n\t\t\t\t<\/div>\n\t\t\t\t\t<\/div>\n\t\t<\/div>\n\t\t\t\t<div class=\"elementor-column elementor-col-33 elementor-top-column elementor-element elementor-element-13ad708\" data-id=\"13ad708\" data-element_type=\"column\">\n\t\t\t<div class=\"elementor-widget-wrap elementor-element-populated\">\n\t\t\t\t\t\t<div class=\"elementor-element elementor-element-1316f03 elementor-widget elementor-widget-image\" data-id=\"1316f03\" data-element_type=\"widget\" data-widget_type=\"image.default\">\n\t\t\t\t<div class=\"elementor-widget-container\">\n\t\t\t\t\t\t\t\t\t\t\t\t\t\t\t<img fetchpriority=\"high\" decoding=\"async\" width=\"1024\" height=\"249\" src=\"https:\/\/www.gares-routieres-savoie.fr\/wp-content\/uploads\/2021\/10\/gare-Chambery-1024x249.jpg\" class=\"attachment-large size-large wp-image-5504\" alt=\"\" srcset=\"https:\/\/www.gares-routieres-savoie.fr\/wp-content\/uploads\/2021\/10\/gare-Chambery-1024x249.jpg 1024w, https:\/\/www.gares-routieres-savoie.fr\/wp-content\/uploads\/2021\/10\/gare-Chambery-720x175.jpg 720w, https:\/\/www.gares-routieres-savoie.fr\/wp-content\/uploads\/2021\/10\/gare-Chambery-768x186.jpg 768w, https:\/\/www.gares-routieres-savoie.fr\/wp-content\/uploads\/2021\/10\/gare-Chambery-1536x373.jpg 1536w, https:\/\/www.gares-routieres-savoie.fr\/wp-content\/uploads\/2021\/10\/gare-Chambery.jpg 1920w\" sizes=\"(max-width: 1024px) 100vw, 1024px\" \/>\t\t\t\t\t\t\t\t\t\t\t\t\t\t\t<\/div>\n\t\t\t\t<\/div>\n\t\t\t\t<div class=\"elementor-element elementor-element-efea8bd elementor-widget elementor-widget-heading\" data-id=\"efea8bd\" data-element_type=\"widget\" data-widget_type=\"heading.default\">\n\t\t\t\t<div class=\"elementor-widget-container\">\n\t\t\t\t\t<h3 class=\"elementor-heading-title elementor-size-default\">Moutiers<\/h3>\t\t\t\t<\/div>\n\t\t\t\t<\/div>\n\t\t\t\t<div class=\"elementor-element elementor-element-1ccbd1c elementor-widget elementor-widget-text-editor\" data-id=\"1ccbd1c\" data-element_type=\"widget\" data-widget_type=\"text-editor.default\">\n\t\t\t\t<div class=\"elementor-widget-container\">\n\t\t\t\t\t\t\t\t\t<p><strong>Served ski resorts:<\/strong><\/p><p>Val Thorens, Les M\u00e9nuires, Courchevel, M\u00e9ribel, Valmorel, Pralognan La Vanoise, Champagny La Vanoise, Doucy<\/p>\t\t\t\t\t\t\t\t<\/div>\n\t\t\t\t<\/div>\n\t\t\t\t\t<\/div>\n\t\t<\/div>\n\t\t\t\t\t<\/div>\n\t\t<\/section>\n\t\t\t\t<section class=\"elementor-section elementor-top-section elementor-element elementor-element-71f5086 elementor-section-boxed elementor-section-height-default elementor-section-height-default\" data-id=\"71f5086\" data-element_type=\"section\">\n\t\t\t\t\t\t<div class=\"elementor-container elementor-column-gap-default\">\n\t\t\t\t\t<div class=\"elementor-column elementor-col-33 elementor-top-column elementor-element elementor-element-962b39d\" data-id=\"962b39d\" data-element_type=\"column\">\n\t\t\t<div class=\"elementor-widget-wrap elementor-element-populated\">\n\t\t\t\t\t\t<div class=\"elementor-element elementor-element-ab35750 elementor-widget elementor-widget-image\" data-id=\"ab35750\" data-element_type=\"widget\" data-widget_type=\"image.default\">\n\t\t\t\t<div class=\"elementor-widget-container\">\n\t\t\t\t\t\t\t\t\t\t\t\t\t\t\t<img decoding=\"async\" width=\"1024\" height=\"249\" src=\"https:\/\/www.gares-routieres-savoie.fr\/wp-content\/uploads\/2021\/10\/gare-aime-1024x249.jpg\" class=\"attachment-large size-large wp-image-5474\" alt=\"\" srcset=\"https:\/\/www.gares-routieres-savoie.fr\/wp-content\/uploads\/2021\/10\/gare-aime-1024x249.jpg 1024w, https:\/\/www.gares-routieres-savoie.fr\/wp-content\/uploads\/2021\/10\/gare-aime-720x175.jpg 720w, https:\/\/www.gares-routieres-savoie.fr\/wp-content\/uploads\/2021\/10\/gare-aime-768x186.jpg 768w, https:\/\/www.gares-routieres-savoie.fr\/wp-content\/uploads\/2021\/10\/gare-aime-1536x373.jpg 1536w, https:\/\/www.gares-routieres-savoie.fr\/wp-content\/uploads\/2021\/10\/gare-aime.jpg 1920w\" sizes=\"(max-width: 1024px) 100vw, 1024px\" \/>\t\t\t\t\t\t\t\t\t\t\t\t\t\t\t<\/div>\n\t\t\t\t<\/div>\n\t\t\t\t<div class=\"elementor-element elementor-element-44e289f elementor-widget elementor-widget-heading\" data-id=\"44e289f\" data-element_type=\"widget\" data-widget_type=\"heading.default\">\n\t\t\t\t<div class=\"elementor-widget-container\">\n\t\t\t\t\t<h3 class=\"elementor-heading-title elementor-size-default\">Aime la Plagne<\/h3>\t\t\t\t<\/div>\n\t\t\t\t<\/div>\n\t\t\t\t<div class=\"elementor-element elementor-element-f775223 elementor-widget elementor-widget-text-editor\" data-id=\"f775223\" data-element_type=\"widget\" data-widget_type=\"text-editor.default\">\n\t\t\t\t<div class=\"elementor-widget-container\">\n\t\t\t\t\t\t\t\t\t<p><strong>Served ski resorts:<\/strong><\/p><p>La Plagne, Montalbert<\/p>\t\t\t\t\t\t\t\t<\/div>\n\t\t\t\t<\/div>\n\t\t\t\t\t<\/div>\n\t\t<\/div>\n\t\t\t\t<div class=\"elementor-column elementor-col-33 elementor-top-column elementor-element elementor-element-ec4afcb\" data-id=\"ec4afcb\" data-element_type=\"column\">\n\t\t\t<div class=\"elementor-widget-wrap elementor-element-populated\">\n\t\t\t\t\t\t<div class=\"elementor-element elementor-element-dbf6218 elementor-widget elementor-widget-image\" data-id=\"dbf6218\" data-element_type=\"widget\" data-widget_type=\"image.default\">\n\t\t\t\t<div class=\"elementor-widget-container\">\n\t\t\t\t\t\t\t\t\t\t\t\t\t\t\t<img loading=\"lazy\" decoding=\"async\" width=\"1024\" height=\"249\" src=\"https:\/\/www.gares-routieres-savoie.fr\/wp-content\/uploads\/2021\/10\/gare-BSM-1024x249.jpg\" class=\"attachment-large size-large wp-image-5496\" alt=\"\" srcset=\"https:\/\/www.gares-routieres-savoie.fr\/wp-content\/uploads\/2021\/10\/gare-BSM-1024x249.jpg 1024w, https:\/\/www.gares-routieres-savoie.fr\/wp-content\/uploads\/2021\/10\/gare-BSM-720x175.jpg 720w, https:\/\/www.gares-routieres-savoie.fr\/wp-content\/uploads\/2021\/10\/gare-BSM-768x186.jpg 768w, https:\/\/www.gares-routieres-savoie.fr\/wp-content\/uploads\/2021\/10\/gare-BSM-1536x373.jpg 1536w, https:\/\/www.gares-routieres-savoie.fr\/wp-content\/uploads\/2021\/10\/gare-BSM.jpg 1920w\" sizes=\"(max-width: 1024px) 100vw, 1024px\" \/>\t\t\t\t\t\t\t\t\t\t\t\t\t\t\t<\/div>\n\t\t\t\t<\/div>\n\t\t\t\t<div class=\"elementor-element elementor-element-82b2cb6 elementor-widget elementor-widget-heading\" data-id=\"82b2cb6\" data-element_type=\"widget\" data-widget_type=\"heading.default\">\n\t\t\t\t<div class=\"elementor-widget-container\">\n\t\t\t\t\t<h3 class=\"elementor-heading-title elementor-size-default\">Bourg-Saint-Maurice<\/h3>\t\t\t\t<\/div>\n\t\t\t\t<\/div>\n\t\t\t\t<div class=\"elementor-element elementor-element-78d47a4 elementor-widget elementor-widget-text-editor\" data-id=\"78d47a4\" data-element_type=\"widget\" data-widget_type=\"text-editor.default\">\n\t\t\t\t<div class=\"elementor-widget-container\">\n\t\t\t\t\t\t\t\t\t<p><strong>Served ski resorts:<\/strong><\/p><p>Tignes, Val d&#8217;Is\u00e8re, La Rosi\u00e8re, Sainte Foy Tarentaise, Les Arcs<\/p>\t\t\t\t\t\t\t\t<\/div>\n\t\t\t\t<\/div>\n\t\t\t\t\t<\/div>\n\t\t<\/div>\n\t\t\t\t<div class=\"elementor-column elementor-col-33 elementor-top-column elementor-element elementor-element-1ac933c\" data-id=\"1ac933c\" data-element_type=\"column\">\n\t\t\t<div class=\"elementor-widget-wrap elementor-element-populated\">\n\t\t\t\t\t\t<div class=\"elementor-element elementor-element-a2897f8 elementor-widget elementor-widget-image\" data-id=\"a2897f8\" data-element_type=\"widget\" data-widget_type=\"image.default\">\n\t\t\t\t<div class=\"elementor-widget-container\">\n\t\t\t\t\t\t\t\t\t\t\t\t\t\t\t<img loading=\"lazy\" decoding=\"async\" width=\"1024\" height=\"249\" src=\"https:\/\/www.gares-routieres-savoie.fr\/wp-content\/uploads\/2021\/09\/Ligne-S51-1024x249.jpg\" class=\"attachment-large size-large wp-image-5080\" alt=\"\" srcset=\"https:\/\/www.gares-routieres-savoie.fr\/wp-content\/uploads\/2021\/09\/Ligne-S51-1024x249.jpg 1024w, https:\/\/www.gares-routieres-savoie.fr\/wp-content\/uploads\/2021\/09\/Ligne-S51-720x175.jpg 720w, https:\/\/www.gares-routieres-savoie.fr\/wp-content\/uploads\/2021\/09\/Ligne-S51-768x186.jpg 768w, https:\/\/www.gares-routieres-savoie.fr\/wp-content\/uploads\/2021\/09\/Ligne-S51-1536x373.jpg 1536w, https:\/\/www.gares-routieres-savoie.fr\/wp-content\/uploads\/2021\/09\/Ligne-S51.jpg 1920w\" sizes=\"(max-width: 1024px) 100vw, 1024px\" \/>\t\t\t\t\t\t\t\t\t\t\t\t\t\t\t<\/div>\n\t\t\t\t<\/div>\n\t\t\t\t<div class=\"elementor-element elementor-element-18b9954 elementor-widget elementor-widget-heading\" data-id=\"18b9954\" data-element_type=\"widget\" data-widget_type=\"heading.default\">\n\t\t\t\t<div class=\"elementor-widget-container\">\n\t\t\t\t\t<h3 class=\"elementor-heading-title elementor-size-default\">Saint-Jean-de-Maurienne<\/h3>\t\t\t\t<\/div>\n\t\t\t\t<\/div>\n\t\t\t\t<div class=\"elementor-element elementor-element-d59230d elementor-widget elementor-widget-text-editor\" data-id=\"d59230d\" data-element_type=\"widget\" data-widget_type=\"text-editor.default\">\n\t\t\t\t<div class=\"elementor-widget-container\">\n\t\t\t\t\t\t\t\t\t<p><strong>Served ski resorts:<\/strong><\/p><p>La Toussuire, Le Corbier, Saint Sorlin d&#8217;Arves, Saint Jean d&#8217;Arves, Albiez Montrond, Les Karellis<\/p>\t\t\t\t\t\t\t\t<\/div>\n\t\t\t\t<\/div>\n\t\t\t\t\t<\/div>\n\t\t<\/div>\n\t\t\t\t\t<\/div>\n\t\t<\/section>\n\t\t\t\t<section class=\"elementor-section elementor-top-section elementor-element elementor-element-693e3b4 elementor-section-boxed elementor-section-height-default elementor-section-height-default\" data-id=\"693e3b4\" data-element_type=\"section\">\n\t\t\t\t\t\t<div class=\"elementor-container elementor-column-gap-default\">\n\t\t\t\t\t<div class=\"elementor-column elementor-col-33 elementor-top-column elementor-element elementor-element-54e9579\" data-id=\"54e9579\" data-element_type=\"column\">\n\t\t\t<div class=\"elementor-widget-wrap elementor-element-populated\">\n\t\t\t\t\t\t<div class=\"elementor-element elementor-element-65f512b elementor-widget elementor-widget-image\" data-id=\"65f512b\" data-element_type=\"widget\" data-widget_type=\"image.default\">\n\t\t\t\t<div class=\"elementor-widget-container\">\n\t\t\t\t\t\t\t\t\t\t\t\t\t\t\t<img loading=\"lazy\" decoding=\"async\" width=\"1024\" height=\"249\" src=\"https:\/\/www.gares-routieres-savoie.fr\/wp-content\/uploads\/2021\/04\/Ligne-S80-1024x249.jpg\" class=\"attachment-large size-large wp-image-5101\" alt=\"\" srcset=\"https:\/\/www.gares-routieres-savoie.fr\/wp-content\/uploads\/2021\/04\/Ligne-S80-1024x249.jpg 1024w, https:\/\/www.gares-routieres-savoie.fr\/wp-content\/uploads\/2021\/04\/Ligne-S80-720x175.jpg 720w, https:\/\/www.gares-routieres-savoie.fr\/wp-content\/uploads\/2021\/04\/Ligne-S80-768x186.jpg 768w, https:\/\/www.gares-routieres-savoie.fr\/wp-content\/uploads\/2021\/04\/Ligne-S80-1536x373.jpg 1536w, https:\/\/www.gares-routieres-savoie.fr\/wp-content\/uploads\/2021\/04\/Ligne-S80.jpg 1920w\" sizes=\"(max-width: 1024px) 100vw, 1024px\" \/>\t\t\t\t\t\t\t\t\t\t\t\t\t\t\t<\/div>\n\t\t\t\t<\/div>\n\t\t\t\t<div class=\"elementor-element elementor-element-24ac5a2 elementor-widget elementor-widget-heading\" data-id=\"24ac5a2\" data-element_type=\"widget\" data-widget_type=\"heading.default\">\n\t\t\t\t<div class=\"elementor-widget-container\">\n\t\t\t\t\t<h3 class=\"elementor-heading-title elementor-size-default\">Saint-michel-de-Maurienne<\/h3>\t\t\t\t<\/div>\n\t\t\t\t<\/div>\n\t\t\t\t<div class=\"elementor-element elementor-element-aa408bd elementor-widget elementor-widget-text-editor\" data-id=\"aa408bd\" data-element_type=\"widget\" data-widget_type=\"text-editor.default\">\n\t\t\t\t<div class=\"elementor-widget-container\">\n\t\t\t\t\t\t\t\t\t<p><strong>Served ski resorts:<\/strong><\/p><p>Valloire, Valmeinier<\/p>\t\t\t\t\t\t\t\t<\/div>\n\t\t\t\t<\/div>\n\t\t\t\t\t<\/div>\n\t\t<\/div>\n\t\t\t\t<div class=\"elementor-column elementor-col-33 elementor-top-column elementor-element elementor-element-68e54bc\" data-id=\"68e54bc\" data-element_type=\"column\">\n\t\t\t<div class=\"elementor-widget-wrap elementor-element-populated\">\n\t\t\t\t\t\t<div class=\"elementor-element elementor-element-ccb9221 elementor-widget elementor-widget-image\" data-id=\"ccb9221\" data-element_type=\"widget\" data-widget_type=\"image.default\">\n\t\t\t\t<div class=\"elementor-widget-container\">\n\t\t\t\t\t\t\t\t\t\t\t\t\t\t\t<img loading=\"lazy\" decoding=\"async\" width=\"1024\" height=\"249\" src=\"https:\/\/www.gares-routieres-savoie.fr\/wp-content\/uploads\/2021\/10\/gare-Modane-1024x249.jpg\" class=\"attachment-large size-large wp-image-5509\" alt=\"\" srcset=\"https:\/\/www.gares-routieres-savoie.fr\/wp-content\/uploads\/2021\/10\/gare-Modane-1024x249.jpg 1024w, https:\/\/www.gares-routieres-savoie.fr\/wp-content\/uploads\/2021\/10\/gare-Modane-720x175.jpg 720w, https:\/\/www.gares-routieres-savoie.fr\/wp-content\/uploads\/2021\/10\/gare-Modane-768x186.jpg 768w, https:\/\/www.gares-routieres-savoie.fr\/wp-content\/uploads\/2021\/10\/gare-Modane-1536x373.jpg 1536w, https:\/\/www.gares-routieres-savoie.fr\/wp-content\/uploads\/2021\/10\/gare-Modane.jpg 1920w\" sizes=\"(max-width: 1024px) 100vw, 1024px\" \/>\t\t\t\t\t\t\t\t\t\t\t\t\t\t\t<\/div>\n\t\t\t\t<\/div>\n\t\t\t\t<div class=\"elementor-element elementor-element-d184b2e elementor-widget elementor-widget-heading\" data-id=\"d184b2e\" data-element_type=\"widget\" data-widget_type=\"heading.default\">\n\t\t\t\t<div class=\"elementor-widget-container\">\n\t\t\t\t\t<h3 class=\"elementor-heading-title elementor-size-default\">Modane<\/h3>\t\t\t\t<\/div>\n\t\t\t\t<\/div>\n\t\t\t\t<div class=\"elementor-element elementor-element-8dfb152 elementor-widget elementor-widget-text-editor\" data-id=\"8dfb152\" data-element_type=\"widget\" data-widget_type=\"text-editor.default\">\n\t\t\t\t<div class=\"elementor-widget-container\">\n\t\t\t\t\t\t\t\t\t<p><strong>Served ski resorts:<\/strong><\/p><p>Bonneval sur Arc, Aussois, La Norma, Valfr\u00e9jus, Val Cenis<\/p>\t\t\t\t\t\t\t\t<\/div>\n\t\t\t\t<\/div>\n\t\t\t\t\t<\/div>\n\t\t<\/div>\n\t\t\t\t<div class=\"elementor-column elementor-col-33 elementor-top-column elementor-element elementor-element-18e09c8\" data-id=\"18e09c8\" data-element_type=\"column\">\n\t\t\t<div class=\"elementor-widget-wrap elementor-element-populated\">\n\t\t\t\t\t\t<div class=\"elementor-element elementor-element-b0e5864 elementor-widget elementor-widget-image\" data-id=\"b0e5864\" data-element_type=\"widget\" data-widget_type=\"image.default\">\n\t\t\t\t<div class=\"elementor-widget-container\">\n\t\t\t\t\t\t\t\t\t\t\t\t\t\t\t<img loading=\"lazy\" decoding=\"async\" width=\"1024\" height=\"249\" src=\"https:\/\/www.gares-routieres-savoie.fr\/wp-content\/uploads\/2021\/10\/gare-Albertville-1024x249.jpg\" class=\"attachment-large size-large wp-image-5490\" alt=\"\" srcset=\"https:\/\/www.gares-routieres-savoie.fr\/wp-content\/uploads\/2021\/10\/gare-Albertville-1024x249.jpg 1024w, https:\/\/www.gares-routieres-savoie.fr\/wp-content\/uploads\/2021\/10\/gare-Albertville-720x175.jpg 720w, https:\/\/www.gares-routieres-savoie.fr\/wp-content\/uploads\/2021\/10\/gare-Albertville-768x186.jpg 768w, https:\/\/www.gares-routieres-savoie.fr\/wp-content\/uploads\/2021\/10\/gare-Albertville-1536x373.jpg 1536w, https:\/\/www.gares-routieres-savoie.fr\/wp-content\/uploads\/2021\/10\/gare-Albertville.jpg 1920w\" sizes=\"(max-width: 1024px) 100vw, 1024px\" \/>\t\t\t\t\t\t\t\t\t\t\t\t\t\t\t<\/div>\n\t\t\t\t<\/div>\n\t\t\t\t<div class=\"elementor-element elementor-element-2a95150 elementor-widget elementor-widget-heading\" data-id=\"2a95150\" data-element_type=\"widget\" data-widget_type=\"heading.default\">\n\t\t\t\t<div class=\"elementor-widget-container\">\n\t\t\t\t\t<h3 class=\"elementor-heading-title elementor-size-default\">Albertville<\/h3>\t\t\t\t<\/div>\n\t\t\t\t<\/div>\n\t\t\t\t<div class=\"elementor-element elementor-element-36143d5 elementor-widget elementor-widget-text-editor\" data-id=\"36143d5\" data-element_type=\"widget\" data-widget_type=\"text-editor.default\">\n\t\t\t\t<div class=\"elementor-widget-container\">\n\t\t\t\t\t\t\t\t\t<p><strong>Served ski resorts:<\/strong><\/p><p>Ar\u00eaches-Beaufort, Les Saisies, Annecy<\/p>\t\t\t\t\t\t\t\t<\/div>\n\t\t\t\t<\/div>\n\t\t\t\t\t<\/div>\n\t\t<\/div>\n\t\t\t\t\t<\/div>\n\t\t<\/section>\n\t\t\t\t<\/div>\n\t\t","protected":false},"excerpt":{"rendered":"<p>Below is the list of ski resorts near each bus station: Chamb\u00e9ry Served ski resorts: Chamb\u00e9ry airport Served ski resorts: Moutiers Served ski resorts: Val Thorens, Les M\u00e9nuires, Courchevel, M\u00e9ribel, Valmorel, Pralognan La Vanoise, Champagny La Vanoise, Doucy Aime la Plagne Served ski resorts: La Plagne, Montalbert Bourg-Saint-Maurice Served ski resorts: Tignes, Val d&#8217;Is\u00e8re, La [&hellip;]<\/p>\n","protected":false},"author":15,"featured_media":0,"parent":0,"menu_order":0,"comment_status":"closed","ping_status":"closed","template":"","meta":{"_acf_changed":false,"footnotes":""},"class_list":["post-5751","page","type-page","status-publish","hentry"],"acf":[],"publishpress_future_action":{"enabled":false,"date":"2026-05-06 17:38:31","action":"change-status","newStatus":"draft","terms":[],"taxonomy":"translation_priority","extraData":[]},"publishpress_future_workflow_manual_trigger":{"enabledWorkflows":[]},"_links":{"self":[{"href":"https:\/\/www.gares-routieres-savoie.fr\/en\/wp-json\/wp\/v2\/pages\/5751","targetHints":{"allow":["GET"]}}],"collection":[{"href":"https:\/\/www.gares-routieres-savoie.fr\/en\/wp-json\/wp\/v2\/pages"}],"about":[{"href":"https:\/\/www.gares-routieres-savoie.fr\/en\/wp-json\/wp\/v2\/types\/page"}],"author":[{"embeddable":true,"href":"https:\/\/www.gares-routieres-savoie.fr\/en\/wp-json\/wp\/v2\/users\/15"}],"replies":[{"embeddable":true,"href":"https:\/\/www.gares-routieres-savoie.fr\/en\/wp-json\/wp\/v2\/comments?post=5751"}],"version-history":[{"count":3,"href":"https:\/\/www.gares-routieres-savoie.fr\/en\/wp-json\/wp\/v2\/pages\/5751\/revisions"}],"predecessor-version":[{"id":5754,"href":"https:\/\/www.gares-routieres-savoie.fr\/en\/wp-json\/wp\/v2\/pages\/5751\/revisions\/5754"}],"wp:attachment":[{"href":"https:\/\/www.gares-routieres-savoie.fr\/en\/wp-json\/wp\/v2\/media?parent=5751"}],"curies":[{"name":"wp","href":"https:\/\/api.w.org\/{rel}","templated":true}]}}