{"id":5311,"date":"2021-09-27T21:27:12","date_gmt":"2021-09-27T19:27:12","guid":{"rendered":"https:\/\/www.gares-routieres-savoie.fr\/?page_id=5311"},"modified":"2021-09-27T21:27:31","modified_gmt":"2021-09-27T19:27:31","slug":"legal-notice","status":"publish","type":"page","link":"https:\/\/www.gares-routieres-savoie.fr\/en\/legal-notice\/","title":{"rendered":"Legal notice"},"content":{"rendered":"\t\t<div data-elementor-type=\"wp-post\" data-elementor-id=\"5311\" class=\"elementor elementor-5311 elementor-174\">\n\t\t\t\t\t\t<section class=\"elementor-section elementor-top-section elementor-element elementor-element-5360eaea elementor-section-boxed elementor-section-height-default elementor-section-height-default\" data-id=\"5360eaea\" data-element_type=\"section\">\n\t\t\t\t\t\t<div class=\"elementor-container elementor-column-gap-default\">\n\t\t\t\t\t<div class=\"elementor-column elementor-col-100 elementor-top-column elementor-element elementor-element-221ab72e\" data-id=\"221ab72e\" data-element_type=\"column\">\n\t\t\t<div class=\"elementor-widget-wrap elementor-element-populated\">\n\t\t\t\t\t\t<div class=\"elementor-element elementor-element-302c0fba elementor-widget elementor-widget-text-editor\" data-id=\"302c0fba\" data-element_type=\"widget\" data-widget_type=\"text-editor.default\">\n\t\t\t\t<div class=\"elementor-widget-container\">\n\t\t\t\t\t\t\t\t\t<h2>Mentions L\u00e9gales<\/h2><div><p><span style=\"font-family: Roboto, sans-serif;\"><strong>Adresse:<br \/><\/strong><\/span>Le site www.gares-routieres-savoie.fr appartient \u00e0 la soci\u00e9t\u00e9 Transavoie, SA bas\u00e9e 926 avenue de la Houille Blanche, 73300 Chamb\u00e9ry<\/p><p><strong>Contact\u00a0:<\/strong><br \/>transdevsavoie@transdev.com<br \/>04 79 68 32 80<\/p><p><strong>Immatriculation RCS :<\/strong><br \/>379 442 890 R.C.S. CHAMBERY depuis le 25 octobre 1990<\/p><p><strong>Num\u00e9ro de TVA intracommunautaire :<br \/><\/strong>FR23379442890<\/p><p><strong>Capital Social :<br \/><\/strong>4 589 526,00 \u20ac<\/p><p><strong>Responsable de la publication\u00a0:<\/strong><br \/>Claude Faure, Pr\u00e9sident du Conseil d\u2019Administration de la soci\u00e9t\u00e9 Transavoie<\/p><p><strong>Conception technique :<\/strong><br \/>Le site a \u00e9t\u00e9 con\u00e7u par l\u2019agence NewQuest, avenue\u00a0 des chevaliers tireurs, 73000 Chamb\u00e9ry<br \/>AMOA : Altibus-solutions.com<\/p><p><strong>Vente en ligne :<\/strong><br \/>La vente en ligne est effectu\u00e9e via le syst\u00e8me Altibus.com<\/p><p><strong>H\u00e9bergement\u00a0:<\/strong><br \/>Le site est h\u00e9berg\u00e9 par la soci\u00e9t\u00e9 Newquest, avenue des chevaliers tireurs, 73000 Chamb\u00e9ry<\/p><h2>ENGAGEMENT DE CONFIDENTIALIT\u00c9<\/h2><p>Conform\u00e9ment au R\u00e8glement G\u00e9n\u00e9ral sur la Protection des Donn\u00e9es (RGPD), vous pouvez acc\u00e9der aux informations vous concernant ou demander leur effacement. <br \/>Vous disposez \u00e9galement d\u2019un droit d\u2019opposition, d\u2019un droit de rectification et d\u2019un droit \u00e0 la limitation de l\u2019utilisation de vos donn\u00e9es.<br \/>Pour exercer ces droits ou pour toute question sur le traitement de vos informations dans ce dispositif, vous pouvez contacter notre DPO par voie \u00e9lectronique, dataprivacy@transdev.com ou par courrier \u00e0 D\u00e9l\u00e9gu\u00e9 \u00e0 la Protection des Donn\u00e9es Transdev, 3 all\u00e9es de Grenelle \u2013 CS 20098 \u2013 92442 Issy-les-Moulineaux. Nous vous remercions de joindre la copie d\u2019une pi\u00e8ce d\u2019identit\u00e9 lors de votre demande.<br \/>Si vous estimez, apr\u00e8s nous avoir contact\u00e9s, que vos droits Informatique et Libert\u00e9s ne sont pas respect\u00e9es ou que le dispositif n\u2019est pas conforme aux r\u00e8gles de protection des donn\u00e9es, vous pouvez adresser une r\u00e9clamation \u00e0 la CNIL.<\/p><h2>M\u00c9DIATION ET R\u00c8GLEMENT DES LITIGES EN LIGNE<\/h2><p>En application des articles L. 612-1 et L. 616-1 du Code de la consommation, vous \u00eates inform\u00e9 que vous avez la possibilit\u00e9 de saisir le m\u00e9diateur \u00e0 la consommation qui sera le M\u00e9diateur du Tourisme et du Voyage et dont les coordonn\u00e9es sont les suivantes :<\/p><p>MTV M\u00e9diation Tourisme Voyage<br \/>BP 80 303<br \/>75 823 Paris Cedex 17<br \/><a href=\"http:\/\/www.mtv.travel\" target=\"_blank\" rel=\"noopener\">www.mtv.travel<\/a><\/p><p>La plate-forme pour saisir ce m\u00e9diateur est accessible \u00e0 partir du lien suivant :<\/p><p><a href=\"http:\/\/www.mtv.travel\/index.php?page=saisine-du-mediateur\" target=\"_blank\" rel=\"noopener\">http:\/\/www.mtv.travel\/index.php?page=saisine-du-mediateur<\/a><\/p><p>En application de l\u2019article 14.1 du R\u00e8glement (UE) n\u00b0524\/2013 du Parlement Europ\u00e9en et du Conseil du 21 mai 2013, vous \u00eates inform\u00e9 de la possibilit\u00e9 de saisir la plateforme de R\u00e9solution des Litiges en Ligne (RLL) mise \u00e0 disposition par la Commission europ\u00e9enne et accessible \u00e0 l\u2019adresse suivante :<\/p><p><a href=\"https:\/\/webgate.ec.europa.eu\/odr\/main\/index.cfm?event=main.home.show&amp;lng=FR\" target=\"_blank\" rel=\"noopener\">https:\/\/webgate.ec.europa.eu\/odr\/main\/index.cfm?event=main.home.show&amp;lng=FR<\/a>.<\/p><p>Nous vous rappelons que vous pouvez nous contacter \u00e9lectroniquement via le formulaire accessible \u00e0 l\u2019adresse :<\/p><p><a href=\"https:\/\/www.www.gares-routieres-savoie.fr\/suggestions-reclamations\/\">https:\/\/www.www.gares-routieres-savoie.fr\/suggestions-reclamations\/<\/a><\/p><\/div>\t\t\t\t\t\t\t\t<\/div>\n\t\t\t\t<\/div>\n\t\t\t\t\t<\/div>\n\t\t<\/div>\n\t\t\t\t\t<\/div>\n\t\t<\/section>\n\t\t\t\t<\/div>\n\t\t","protected":false},"excerpt":{"rendered":"<p>Mentions L\u00e9gales Adresse:Le site www.gares-routieres-savoie.fr appartient \u00e0 la soci\u00e9t\u00e9 Transavoie, SA bas\u00e9e 926 avenue de la Houille Blanche, 73300 Chamb\u00e9ry Contact\u00a0:transdevsavoie@transdev.com04 79 68 32 80 Immatriculation RCS :379 442 890 R.C.S. CHAMBERY depuis le 25 octobre 1990 Num\u00e9ro de TVA intracommunautaire :FR23379442890 Capital Social :4 589 526,00 \u20ac Responsable de la publication\u00a0:Claude Faure, Pr\u00e9sident du [&hellip;]<\/p>\n","protected":false},"author":15,"featured_media":0,"parent":0,"menu_order":0,"comment_status":"closed","ping_status":"closed","template":"","meta":{"_acf_changed":false,"footnotes":""},"class_list":["post-5311","page","type-page","status-publish","hentry"],"acf":[],"publishpress_future_action":{"enabled":false,"date":"2026-05-06 11:36:33","action":"change-status","newStatus":"draft","terms":[],"taxonomy":"translation_priority","extraData":[]},"publishpress_future_workflow_manual_trigger":{"enabledWorkflows":[]},"_links":{"self":[{"href":"https:\/\/www.gares-routieres-savoie.fr\/en\/wp-json\/wp\/v2\/pages\/5311","targetHints":{"allow":["GET"]}}],"collection":[{"href":"https:\/\/www.gares-routieres-savoie.fr\/en\/wp-json\/wp\/v2\/pages"}],"about":[{"href":"https:\/\/www.gares-routieres-savoie.fr\/en\/wp-json\/wp\/v2\/types\/page"}],"author":[{"embeddable":true,"href":"https:\/\/www.gares-routieres-savoie.fr\/en\/wp-json\/wp\/v2\/users\/15"}],"replies":[{"embeddable":true,"href":"https:\/\/www.gares-routieres-savoie.fr\/en\/wp-json\/wp\/v2\/comments?post=5311"}],"version-history":[{"count":6,"href":"https:\/\/www.gares-routieres-savoie.fr\/en\/wp-json\/wp\/v2\/pages\/5311\/revisions"}],"predecessor-version":[{"id":5317,"href":"https:\/\/www.gares-routieres-savoie.fr\/en\/wp-json\/wp\/v2\/pages\/5311\/revisions\/5317"}],"wp:attachment":[{"href":"https:\/\/www.gares-routieres-savoie.fr\/en\/wp-json\/wp\/v2\/media?parent=5311"}],"curies":[{"name":"wp","href":"https:\/\/api.w.org\/{rel}","templated":true}]}}